{"id":9943,"date":"2022-06-16T16:06:31","date_gmt":"2022-06-16T14:06:31","guid":{"rendered":"http:\/\/stripart.cat\/festival\/?page_id=9943"},"modified":"2022-07-13T18:59:01","modified_gmt":"2022-07-13T16:59:01","slug":"projecte-de-mediacio-cultural","status":"publish","type":"page","link":"https:\/\/stripart.cat\/festival\/projecte-de-mediacio-cultural\/","title":{"rendered":"Mediaci\u00f3 Cultural"},"content":{"rendered":"\t\t<div data-elementor-type=\"wp-page\" data-elementor-id=\"9943\" class=\"elementor elementor-9943\">\n\t\t\t\t\t\t\t\t\t<section class=\"elementor-section elementor-top-section elementor-element elementor-element-066bcbd elementor-section-boxed elementor-section-height-default elementor-section-height-default\" data-id=\"066bcbd\" data-element_type=\"section\">\n\t\t\t\t\t\t<div class=\"elementor-container elementor-column-gap-default\">\n\t\t\t\t\t<div class=\"elementor-column elementor-col-100 elementor-top-column elementor-element elementor-element-b78d6b5\" data-id=\"b78d6b5\" data-element_type=\"column\">\n\t\t\t<div class=\"elementor-widget-wrap elementor-element-populated\">\n\t\t\t\t\t\t\t\t<div class=\"elementor-element elementor-element-a2b0893 elementor-widget elementor-widget-text-editor\" data-id=\"a2b0893\" data-element_type=\"widget\" data-widget_type=\"text-editor.default\">\n\t\t\t\t<div class=\"elementor-widget-container\">\n\t\t\t<style>\/*! elementor - v3.6.6 - 08-06-2022 *\/\n.elementor-widget-text-editor.elementor-drop-cap-view-stacked .elementor-drop-cap{background-color:#818a91;color:#fff}.elementor-widget-text-editor.elementor-drop-cap-view-framed .elementor-drop-cap{color:#818a91;border:3px solid;background-color:transparent}.elementor-widget-text-editor:not(.elementor-drop-cap-view-default) .elementor-drop-cap{margin-top:8px}.elementor-widget-text-editor:not(.elementor-drop-cap-view-default) .elementor-drop-cap-letter{width:1em;height:1em}.elementor-widget-text-editor .elementor-drop-cap{float:left;text-align:center;line-height:1;font-size:50px}.elementor-widget-text-editor .elementor-drop-cap-letter{display:inline-block}<\/style>\t\t\t\t<div><b>PRACTICANT EL BARRI, un projecte de mediaci\u00f3 cultural del col\u00b7lectiu LAS PR\u00c0CTICAS.<\/b><\/div><div>\u00a0<\/div><div>Codirigit per Kata Balogh i Lucia Carrano. El projecte considera els espais p\u00fablics del barri Guinard\u00f3 com a context de mediaci\u00f3 cultural, oferint experi\u00e8ncies creatives participatives i accessibles a diferents p\u00fablics que afavoreixen l\u2019apropiaci\u00f3 dels espais p\u00fablics del barri, la noci\u00f3 del Centre C\u00edvic com a \u201ccasa\u201d i la identificaci\u00f3 amb els valors de la creaci\u00f3 contempor\u00e0nia emergent promoguda pel festival Stripart.<\/div><div><p><span style=\"font-weight: 400;\">Durant el festival, les persones participants: ve\u00efnat del barri, artistes i p\u00fablic general, tindran l\u2019oportunitat d\u2019observar, investigar, compondre i compartir el barri a trav\u00e9s de diferents activitats: <\/span><\/p><\/div><div>\u00a0<\/div><div>\u00a0<\/div>\t\t\t\t\t\t<\/div>\n\t\t\t\t<\/div>\n\t\t\t\t\t<\/div>\n\t\t<\/div>\n\t\t\t\t\t\t\t<\/div>\n\t\t<\/section>\n\t\t\t\t<section class=\"elementor-section elementor-top-section elementor-element elementor-element-492097b elementor-section-boxed elementor-section-height-default elementor-section-height-default\" data-id=\"492097b\" data-element_type=\"section\">\n\t\t\t\t\t\t<div class=\"elementor-container elementor-column-gap-default\">\n\t\t\t\t\t<div class=\"elementor-column elementor-col-33 elementor-top-column elementor-element elementor-element-d7df25c\" data-id=\"d7df25c\" data-element_type=\"column\">\n\t\t\t<div class=\"elementor-widget-wrap elementor-element-populated\">\n\t\t\t\t\t\t\t\t<div class=\"elementor-element elementor-element-5c8ca66 elementor-widget elementor-widget-image\" data-id=\"5c8ca66\" data-element_type=\"widget\" data-widget_type=\"image.default\">\n\t\t\t\t<div class=\"elementor-widget-container\">\n\t\t\t<style>\/*! elementor - v3.6.6 - 08-06-2022 *\/\n.elementor-widget-image{text-align:center}.elementor-widget-image a{display:inline-block}.elementor-widget-image a img[src$=\".svg\"]{width:48px}.elementor-widget-image img{vertical-align:middle;display:inline-block}<\/style>\t\t\t\t\t\t\t\t\t\t\t\t<img width=\"1024\" height=\"576\" src=\"https:\/\/stripart.cat\/festival\/wp-content\/uploads\/investigandoelbarrio-1-1024x576.jpg\" class=\"attachment-large size-large\" alt=\"\" loading=\"lazy\" srcset=\"https:\/\/stripart.cat\/festival\/wp-content\/uploads\/investigandoelbarrio-1-1024x576.jpg 1024w, https:\/\/stripart.cat\/festival\/wp-content\/uploads\/investigandoelbarrio-1-300x169.jpg 300w, https:\/\/stripart.cat\/festival\/wp-content\/uploads\/investigandoelbarrio-1-768x432.jpg 768w, https:\/\/stripart.cat\/festival\/wp-content\/uploads\/investigandoelbarrio-1.jpg 1466w\" sizes=\"(max-width: 1024px) 100vw, 1024px\" \/>\t\t\t\t\t\t\t\t\t\t\t\t\t\t\t<\/div>\n\t\t\t\t<\/div>\n\t\t\t\t<div class=\"elementor-element elementor-element-6ab219d elementor-widget elementor-widget-text-editor\" data-id=\"6ab219d\" data-element_type=\"widget\" data-widget_type=\"text-editor.default\">\n\t\t\t\t<div class=\"elementor-widget-container\">\n\t\t\t\t\t\t\t<p style=\"text-align: center;\"><strong>INVESTIGANT<\/strong><b> EL BARRI &#8211; laboratoris de recerca art\u00edstica al barri<\/b><\/p><div style=\"text-align: center;\">-Taller-<\/div><div style=\"text-align: center;\">\u00a0<\/div><div style=\"text-align: center;\"><b>11-15 de juliol \/\/ 16.30 &#8211; 19.00 \/\/<\/b><\/div><div>\u00a0<\/div><div><span style=\"font-weight: 400;\">Laboratoris de recerca art\u00edstica adre\u00e7ats a artistes de qualsevol disciplina amb inter\u00e8s per entrar en relaci\u00f3 amb els espais p\u00fablics del barri a trav\u00e9s de diferents eines art\u00edstiques com ara l\u2019observaci\u00f3, el moviment, l\u2019escriptura, el so o la fotografia.<\/span><\/div><div style=\"padding-left: 160px;\"><a href=\"https:\/\/stripart.cat\/festival\/?p=8103&amp;preview=true\"><span style=\"color: #3366ff;\">+INFO<\/span><\/a><\/div>\t\t\t\t\t\t<\/div>\n\t\t\t\t<\/div>\n\t\t\t\t\t<\/div>\n\t\t<\/div>\n\t\t\t\t<div class=\"elementor-column elementor-col-33 elementor-top-column elementor-element elementor-element-3710a95\" data-id=\"3710a95\" data-element_type=\"column\">\n\t\t\t<div class=\"elementor-widget-wrap elementor-element-populated\">\n\t\t\t\t\t\t\t\t<div class=\"elementor-element elementor-element-ef2f670 elementor-widget elementor-widget-image\" data-id=\"ef2f670\" data-element_type=\"widget\" data-widget_type=\"image.default\">\n\t\t\t\t<div class=\"elementor-widget-container\">\n\t\t\t\t\t\t\t\t\t\t\t\t\t\t\t<img width=\"960\" height=\"379\" src=\"https:\/\/stripart.cat\/festival\/wp-content\/uploads\/observandoelbarrio.jpg\" class=\"attachment-large size-large\" alt=\"\" loading=\"lazy\" srcset=\"https:\/\/stripart.cat\/festival\/wp-content\/uploads\/observandoelbarrio.jpg 960w, https:\/\/stripart.cat\/festival\/wp-content\/uploads\/observandoelbarrio-300x118.jpg 300w, https:\/\/stripart.cat\/festival\/wp-content\/uploads\/observandoelbarrio-768x303.jpg 768w\" sizes=\"(max-width: 960px) 100vw, 960px\" \/>\t\t\t\t\t\t\t\t\t\t\t\t\t\t\t<\/div>\n\t\t\t\t<\/div>\n\t\t\t\t<div class=\"elementor-element elementor-element-1d869bc elementor-widget elementor-widget-text-editor\" data-id=\"1d869bc\" data-element_type=\"widget\" data-widget_type=\"text-editor.default\">\n\t\t\t\t<div class=\"elementor-widget-container\">\n\t\t\t\t\t\t\t<p style=\"text-align: center;\"><b>OBSERVANT EL BARRI &#8211; passejos observatoris\u00a0al barri\u00a0<\/b><\/p><p style=\"text-align: center;\">-Taller-<\/p><p style=\"text-align: center;\"><b>11-15 de juliol \/\/ 19.30 &#8211; 21.00 \/\/<\/b><\/p><p style=\"text-align: left;\">Passejades col\u00b7lectives, recorrent diferents espais del barri, dirigides al ve\u00efnat i les persones interessades a redescobrir el barri a trav\u00e9s d&#8217;experi\u00e8ncies art\u00edstiques: el moviment, l&#8217;escriptura creativa, el cant col\u00b7lectiu o la fotografia. L\u2019\u00faltima passejada, convidem les persones participants a guiar-la de, manera col\u00b7lectiva i compartir hist\u00f2ries, fotos, objectes i records que les connecten al barri.<\/p><div style=\"padding-left: 160px;\"><a href=\"https:\/\/stripart.cat\/festival\/?p=8109&amp;preview=true\"><span style=\"color: #3366ff;\">+INFO<\/span><\/a><\/div><div>\u00a0<\/div>\t\t\t\t\t\t<\/div>\n\t\t\t\t<\/div>\n\t\t\t\t\t<\/div>\n\t\t<\/div>\n\t\t\t\t<div class=\"elementor-column elementor-col-33 elementor-top-column elementor-element elementor-element-77899e7\" data-id=\"77899e7\" data-element_type=\"column\">\n\t\t\t<div class=\"elementor-widget-wrap elementor-element-populated\">\n\t\t\t\t\t\t\t\t<div class=\"elementor-element elementor-element-f0b520c elementor-widget elementor-widget-image\" data-id=\"f0b520c\" data-element_type=\"widget\" data-widget_type=\"image.default\">\n\t\t\t\t<div class=\"elementor-widget-container\">\n\t\t\t\t\t\t\t\t\t\t\t\t\t\t\t<img width=\"1024\" height=\"576\" src=\"https:\/\/stripart.cat\/festival\/wp-content\/uploads\/compartiendoelbarrio-1024x576.jpg\" class=\"attachment-large size-large\" alt=\"\" loading=\"lazy\" srcset=\"https:\/\/stripart.cat\/festival\/wp-content\/uploads\/compartiendoelbarrio-1024x576.jpg 1024w, https:\/\/stripart.cat\/festival\/wp-content\/uploads\/compartiendoelbarrio-300x169.jpg 300w, https:\/\/stripart.cat\/festival\/wp-content\/uploads\/compartiendoelbarrio-768x432.jpg 768w, https:\/\/stripart.cat\/festival\/wp-content\/uploads\/compartiendoelbarrio-1536x865.jpg 1536w, https:\/\/stripart.cat\/festival\/wp-content\/uploads\/compartiendoelbarrio.jpg 1599w\" sizes=\"(max-width: 1024px) 100vw, 1024px\" \/>\t\t\t\t\t\t\t\t\t\t\t\t\t\t\t<\/div>\n\t\t\t\t<\/div>\n\t\t\t\t<div class=\"elementor-element elementor-element-bcd87cf elementor-widget elementor-widget-text-editor\" data-id=\"bcd87cf\" data-element_type=\"widget\" data-widget_type=\"text-editor.default\">\n\t\t\t\t<div class=\"elementor-widget-container\">\n\t\t\t\t\t\t\t<p style=\"text-align: center;\"><b>COMPARTINT EL BARRI &#8211; exposici\u00f3 i intervenci\u00f3\u00a0itinerant<\/b><\/p><p style=\"text-align: center;\">-Espectacle &#8211;<\/p><div style=\"text-align: center;\"><b>20 de juliol \/\/ 19.00 &#8211; 20.00 \/\/<\/b><\/div><div>\u00a0<\/div><div><span style=\"font-weight: 400;\">Un esdeveniment obert a tots els p\u00fablics, amb l&#8217;objectiu de compartir els resultats dels processos participatius a trav\u00e9s d\u2019una exposici\u00f3 i intervenci\u00f3 col\u00b7lectiva i itinerant als espais p\u00fablics dels voltants del Centre C\u00edvic Guinard\u00f3.<\/span><\/div><div style=\"padding-left: 160px;\"><a href=\"https:\/\/stripart.cat\/festival\/?p=9050&amp;preview=true\"><span style=\"color: #3366ff;\">+INFO<\/span><\/a><\/div><div>\u00a0<\/div>\t\t\t\t\t\t<\/div>\n\t\t\t\t<\/div>\n\t\t\t\t\t<\/div>\n\t\t<\/div>\n\t\t\t\t\t\t\t<\/div>\n\t\t<\/section>\n\t\t\t\t<section class=\"elementor-section elementor-top-section elementor-element elementor-element-26861cb elementor-section-boxed elementor-section-height-default elementor-section-height-default\" data-id=\"26861cb\" data-element_type=\"section\">\n\t\t\t\t\t\t<div class=\"elementor-container elementor-column-gap-default\">\n\t\t\t\t\t<div class=\"elementor-column elementor-col-100 elementor-top-column elementor-element elementor-element-de63489\" data-id=\"de63489\" data-element_type=\"column\">\n\t\t\t<div class=\"elementor-widget-wrap elementor-element-populated\">\n\t\t\t\t\t\t\t\t<div class=\"elementor-element elementor-element-38bd049 elementor-widget elementor-widget-text-editor\" data-id=\"38bd049\" data-element_type=\"widget\" data-widget_type=\"text-editor.default\">\n\t\t\t\t<div class=\"elementor-widget-container\">\n\t\t\t\t\t\t\t<p><em><span style=\"font-weight: 400;\">Sobre LAS PR\u00c1CTICAS:\u00a0<\/span><\/em><\/p><p><em><span style=\"font-weight: 400;\">LAS PR\u00c0CTICAS \u00e9s un col\u00b7lectiu format en 2019 per Lucia Carrano (IT) i Kata Balogh (HU).\u00a0 Lucia es va formar com a ballarina de dansa contempor\u00e0nia, \u00e9s int\u00e8rpret en diverses <\/span><span style=\"font-weight: 400;\">creacions emergents i imparteix classes de dansa contempor\u00e0nia i m\u00fasica.<\/span><\/em><\/p><p><em><span style=\"font-weight: 400;\">Kata \u00e9s una creadora multidisciplin\u00e0ria que t\u00e9 el cos com a eina principal <\/span><span style=\"font-weight: 400;\">en el centre del seu treball i que paral\u00b7lelament es dedica a la gesti\u00f3 cultural, el disseny gr\u00e0fic, a la fotografia i al v\u00eddeo.\u00a0<\/span><\/em><\/p><p><em><span style=\"font-weight: 400;\">La seva missi\u00f3 com a col\u00b7lectiu \u00e9s sortir dels espais convencionals de les arts i intervenir en l&#8217;espai quotidi\u00e0\/p\u00fablic\/urb\u00e0 per a democratitzar, contextualitzar, jugar, investigar i crear noves narratives. <\/span><\/em><\/p>\t\t\t\t\t\t<\/div>\n\t\t\t\t<\/div>\n\t\t\t\t<div class=\"elementor-element elementor-element-259f38c e-grid-align-left elementor-shape-rounded elementor-grid-0 elementor-widget elementor-widget-social-icons\" data-id=\"259f38c\" data-element_type=\"widget\" data-widget_type=\"social-icons.default\">\n\t\t\t\t<div class=\"elementor-widget-container\">\n\t\t\t<style>\/*! elementor - v3.6.6 - 08-06-2022 *\/\n.elementor-widget-social-icons.elementor-grid-0 .elementor-widget-container,.elementor-widget-social-icons.elementor-grid-mobile-0 .elementor-widget-container,.elementor-widget-social-icons.elementor-grid-tablet-0 .elementor-widget-container{line-height:1;font-size:0}.elementor-widget-social-icons:not(.elementor-grid-0):not(.elementor-grid-tablet-0):not(.elementor-grid-mobile-0) .elementor-grid{display:inline-grid}.elementor-widget-social-icons .elementor-grid{grid-column-gap:var(--grid-column-gap,5px);grid-row-gap:var(--grid-row-gap,5px);grid-template-columns:var(--grid-template-columns);-webkit-box-pack:var(--justify-content,center);-ms-flex-pack:var(--justify-content,center);justify-content:var(--justify-content,center);justify-items:var(--justify-content,center)}.elementor-icon.elementor-social-icon{font-size:var(--icon-size,25px);line-height:var(--icon-size,25px);width:calc(var(--icon-size, 25px) + (2 * var(--icon-padding, .5em)));height:calc(var(--icon-size, 25px) + (2 * var(--icon-padding, .5em)))}.elementor-social-icon{--e-social-icon-icon-color:#fff;display:-webkit-inline-box;display:-ms-inline-flexbox;display:inline-flex;background-color:#818a91;-webkit-box-align:center;-ms-flex-align:center;align-items:center;-webkit-box-pack:center;-ms-flex-pack:center;justify-content:center;text-align:center;cursor:pointer}.elementor-social-icon i{color:var(--e-social-icon-icon-color)}.elementor-social-icon svg{fill:var(--e-social-icon-icon-color)}.elementor-social-icon:last-child{margin:0}.elementor-social-icon:hover{opacity:.9;color:#fff}.elementor-social-icon-android{background-color:#a4c639}.elementor-social-icon-apple{background-color:#999}.elementor-social-icon-behance{background-color:#1769ff}.elementor-social-icon-bitbucket{background-color:#205081}.elementor-social-icon-codepen{background-color:#000}.elementor-social-icon-delicious{background-color:#39f}.elementor-social-icon-deviantart{background-color:#05cc47}.elementor-social-icon-digg{background-color:#005be2}.elementor-social-icon-dribbble{background-color:#ea4c89}.elementor-social-icon-elementor{background-color:#d30c5c}.elementor-social-icon-envelope{background-color:#ea4335}.elementor-social-icon-facebook,.elementor-social-icon-facebook-f{background-color:#3b5998}.elementor-social-icon-flickr{background-color:#0063dc}.elementor-social-icon-foursquare{background-color:#2d5be3}.elementor-social-icon-free-code-camp,.elementor-social-icon-freecodecamp{background-color:#006400}.elementor-social-icon-github{background-color:#333}.elementor-social-icon-gitlab{background-color:#e24329}.elementor-social-icon-globe{background-color:#818a91}.elementor-social-icon-google-plus,.elementor-social-icon-google-plus-g{background-color:#dd4b39}.elementor-social-icon-houzz{background-color:#7ac142}.elementor-social-icon-instagram{background-color:#262626}.elementor-social-icon-jsfiddle{background-color:#487aa2}.elementor-social-icon-link{background-color:#818a91}.elementor-social-icon-linkedin,.elementor-social-icon-linkedin-in{background-color:#0077b5}.elementor-social-icon-medium{background-color:#00ab6b}.elementor-social-icon-meetup{background-color:#ec1c40}.elementor-social-icon-mixcloud{background-color:#273a4b}.elementor-social-icon-odnoklassniki{background-color:#f4731c}.elementor-social-icon-pinterest{background-color:#bd081c}.elementor-social-icon-product-hunt{background-color:#da552f}.elementor-social-icon-reddit{background-color:#ff4500}.elementor-social-icon-rss{background-color:#f26522}.elementor-social-icon-shopping-cart{background-color:#4caf50}.elementor-social-icon-skype{background-color:#00aff0}.elementor-social-icon-slideshare{background-color:#0077b5}.elementor-social-icon-snapchat{background-color:#fffc00}.elementor-social-icon-soundcloud{background-color:#f80}.elementor-social-icon-spotify{background-color:#2ebd59}.elementor-social-icon-stack-overflow{background-color:#fe7a15}.elementor-social-icon-steam{background-color:#00adee}.elementor-social-icon-stumbleupon{background-color:#eb4924}.elementor-social-icon-telegram{background-color:#2ca5e0}.elementor-social-icon-thumb-tack{background-color:#1aa1d8}.elementor-social-icon-tripadvisor{background-color:#589442}.elementor-social-icon-tumblr{background-color:#35465c}.elementor-social-icon-twitch{background-color:#6441a5}.elementor-social-icon-twitter{background-color:#1da1f2}.elementor-social-icon-viber{background-color:#665cac}.elementor-social-icon-vimeo{background-color:#1ab7ea}.elementor-social-icon-vk{background-color:#45668e}.elementor-social-icon-weibo{background-color:#dd2430}.elementor-social-icon-weixin{background-color:#31a918}.elementor-social-icon-whatsapp{background-color:#25d366}.elementor-social-icon-wordpress{background-color:#21759b}.elementor-social-icon-xing{background-color:#026466}.elementor-social-icon-yelp{background-color:#af0606}.elementor-social-icon-youtube{background-color:#cd201f}.elementor-social-icon-500px{background-color:#0099e5}.elementor-shape-rounded .elementor-icon.elementor-social-icon{border-radius:10%}.elementor-shape-circle .elementor-icon.elementor-social-icon{border-radius:50%}<\/style>\t\t<div class=\"elementor-social-icons-wrapper elementor-grid\">\n\t\t\t\t\t\t\t<span class=\"elementor-grid-item\">\n\t\t\t\t\t<a class=\"elementor-icon elementor-social-icon elementor-social-icon-instagram elementor-repeater-item-d2a394f\" href=\"https:\/\/www.instagram.com\/las_practicas\/\" target=\"_blank\">\n\t\t\t\t\t\t<span class=\"elementor-screen-only\">Instagram<\/span>\n\t\t\t\t\t\t<i class=\"fab fa-instagram\"><\/i>\t\t\t\t\t<\/a>\n\t\t\t\t<\/span>\n\t\t\t\t\t<\/div>\n\t\t\t\t<\/div>\n\t\t\t\t<\/div>\n\t\t\t\t\t<\/div>\n\t\t<\/div>\n\t\t\t\t\t\t\t<\/div>\n\t\t<\/section>\n\t\t\t\t\t\t\t<\/div>\n\t\t","protected":false},"excerpt":{"rendered":"<p>PRACTICANT EL BARRI, un projecte de mediaci\u00f3 cultural del col\u00b7lectiu LAS PR\u00c0CTICAS.\u00a0Codirigit per Kata Balogh i Lucia Carrano. El projecte considera els espais p\u00fablics del barri Guinard\u00f3 com a context de mediaci\u00f3 cultural, oferint experi\u00e8ncies creatives participatives i accessibles a diferents p\u00fablics que afavoreixen l\u2019apropiaci\u00f3 dels espais p\u00fablics del barri, la noci\u00f3 del Centre C\u00edvic com a \u201ccasa\u201d i la identificaci\u00f3 amb els valors de la creaci\u00f3 contempor\u00e0nia emergent promoguda pel festival Stripart. Durant el festival, les persones participants: ve\u00efnat del barri, artistes i p\u00fablic general, tindran l\u2019oportunitat d\u2019observar, investigar, compondre i compartir el barri a trav\u00e9s de diferents activitats: [&hellip;]<\/p>\n","protected":false},"author":2,"featured_media":0,"parent":0,"menu_order":0,"comment_status":"closed","ping_status":"closed","template":"","meta":[],"_links":{"self":[{"href":"https:\/\/stripart.cat\/festival\/wp-json\/wp\/v2\/pages\/9943"}],"collection":[{"href":"https:\/\/stripart.cat\/festival\/wp-json\/wp\/v2\/pages"}],"about":[{"href":"https:\/\/stripart.cat\/festival\/wp-json\/wp\/v2\/types\/page"}],"author":[{"embeddable":true,"href":"https:\/\/stripart.cat\/festival\/wp-json\/wp\/v2\/users\/2"}],"replies":[{"embeddable":true,"href":"https:\/\/stripart.cat\/festival\/wp-json\/wp\/v2\/comments?post=9943"}],"version-history":[{"count":28,"href":"https:\/\/stripart.cat\/festival\/wp-json\/wp\/v2\/pages\/9943\/revisions"}],"predecessor-version":[{"id":10304,"href":"https:\/\/stripart.cat\/festival\/wp-json\/wp\/v2\/pages\/9943\/revisions\/10304"}],"wp:attachment":[{"href":"https:\/\/stripart.cat\/festival\/wp-json\/wp\/v2\/media?parent=9943"}],"curies":[{"name":"wp","href":"https:\/\/api.w.org\/{rel}","templated":true}]}}